{"id":10,"date":"2025-07-16T15:13:48","date_gmt":"2025-07-16T13:13:48","guid":{"rendered":"https:\/\/histemia.com\/association\/?page_id=10"},"modified":"2025-09-24T17:04:22","modified_gmt":"2025-09-24T15:04:22","slug":"lequipe-therapeute-familial","status":"publish","type":"page","link":"https:\/\/histemia.com\/association\/lequipe-therapeute-familial\/","title":{"rendered":"L&rsquo;\u00e9quipe &#8211; th\u00e9rapeute familial"},"content":{"rendered":"<div class=\"wpb-content-wrapper\"><p>[vc_section css=\u00a0\u00bb.vc_custom_1755440486583{margin-top: 0px !important;margin-bottom: 0px !important;padding-top: 0px !important;padding-bottom: 0px !important;}\u00a0\u00bb][vc_row css=\u00a0\u00bb.vc_custom_1755440805540{padding-top: 40px !important;padding-bottom: 40px !important;background-color: #1da7ac !important;}\u00a0\u00bb][vc_column][vc_column_text css=\u00a0\u00bb.vc_custom_1755440147201{margin-top: 0px !important;margin-bottom: 0px !important;}\u00a0\u00bb]<\/p>\n<h1><span style=\"color: #ffffff;\">L&rsquo;\u00e9quipe<\/span><\/h1>\n<p>[\/vc_column_text][\/vc_column][\/vc_row][\/vc_section][vc_section css=\u00a0\u00bb.vc_custom_1755440057898{background-color: #db0606 !important;}\u00a0\u00bb][vc_row css=\u00a0\u00bb.vc_custom_1755440767849{padding-top: 40px !important;padding-bottom: 40px !important;background-color: #ffffff !important;}\u00a0\u00bb][vc_column width=\u00a0\u00bb1\/4&Prime; css=\u00a0\u00bb.vc_custom_1755179879292{margin-bottom: 0px !important;padding-bottom: 0px !important;}\u00a0\u00bb]<div  class=\"wpb_content_element   clearfix\"><style type=\"text\/css\">#ut_am_69ebb36a30e6e { opacity: 1; }#ut_am_wrap_69ebb36a30e6f .ut-image-gallery-item-caption-title h3 { letter-spacing: -0.01em; }#ut_am_wrap_69ebb36a30e6f .ut-gallery-slider-caption { font-weight: bold; }#ut_am_wrap_69ebb36a30e6f { text-align: left; }@media (min-width: 768px) and (max-width: 1024px) { #ut_am_wrap_69ebb36a30e6f { text-align: left !important; } }@media (max-width: 767px) { #ut_am_wrap_69ebb36a30e6f { text-align: center !important; } }<\/style><div id=\"ut_am_wrap_69ebb36a30e6f\" class=\"ut-image-gallery-image \"><div id=\"ut_reveal_69ebb36a30e70\"  data-appear-top-offset=\"auto\" class=\"ut-animated-image-item ut-image-gallery-item ut-animation-done \"><a class=\"ut-deactivated-link\" href=\"#\"><div class=\"ut-animated-image-zoom\"><img loading=\"lazy\" decoding=\"async\" class=\"ut-lazy skip-lazy ut-animated-image \"  id=\"ut_am_69ebb36a30e6e\" src=\"data:image\/svg+xml;charset=utf-8,%3Csvg xmlns%3D'http%3A%2F%2Fwww.w3.org%2F2000%2Fsvg' viewBox%3D'0 0 2838 2838'%2F%3E\" data-src=\"https:\/\/histemia.com\/association\/wp-content\/uploads\/2025\/08\/Jean_HD.png\" width=\"2838\" height=\"2838\" alt=\"\"\/><\/div><\/a><\/div><\/div><\/div>[\/vc_column][vc_column width=\u00a0\u00bb1\/2&Prime;][vc_column_text css_animation=\u00a0\u00bbslideInRight\u00a0\u00bb]<\/p>\n<h2>Jean Cassanas<\/h2>\n<h3>Co-fondateur et Directeur associ\u00e9<\/h3>\n<p>Psychologue clinicien, Docteur en psychologie, th\u00e9rapeute familial membre de la SFTF et de l&rsquo;EFTA, form\u00e9 \u00e0 l\u2019\u00c9cole Romaine (Maurizio Andolfi et Carmine Saccu). Th\u00e9rapeute en p\u00e9dopsychiatrie. Formateur, superviseur et enseignant \u00e0 l\u2019universit\u00e9 Paris X \u2013 Nanterre.[\/vc_column_text][\/vc_column][vc_column width=\u00a0\u00bb1\/4&Prime;][\/vc_column][\/vc_row][\/vc_section][vc_section css=\u00a0\u00bb.vc_custom_1755440072175{background-color: #db0606 !important;}\u00a0\u00bb][vc_row css=\u00a0\u00bb.vc_custom_1755440779623{padding-top: 40px !important;padding-bottom: 40px !important;background-color: #0b528a !important;}\u00a0\u00bb][vc_column width=\u00a0\u00bb1\/4&Prime; css=\u00a0\u00bb.vc_custom_1755179879292{margin-bottom: 0px !important;padding-bottom: 0px !important;}\u00a0\u00bb]<div  class=\"wpb_content_element   clearfix\"><style type=\"text\/css\">#ut_am_69ebb36a312c6 { opacity: 1; }#ut_am_wrap_69ebb36a312c7 .ut-image-gallery-item-caption-title h3 { letter-spacing: -0.01em; }#ut_am_wrap_69ebb36a312c7 .ut-gallery-slider-caption { font-weight: bold; }#ut_am_wrap_69ebb36a312c7 { text-align: left; }@media (min-width: 768px) and (max-width: 1024px) { #ut_am_wrap_69ebb36a312c7 { text-align: left !important; } }@media (max-width: 767px) { #ut_am_wrap_69ebb36a312c7 { text-align: center !important; } }<\/style><div id=\"ut_am_wrap_69ebb36a312c7\" class=\"ut-image-gallery-image \"><div id=\"ut_reveal_69ebb36a312c8\"  data-appear-top-offset=\"auto\" class=\"ut-animated-image-item ut-image-gallery-item ut-animation-done \"><a class=\"ut-deactivated-link\" href=\"#\"><div class=\"ut-animated-image-zoom\"><img loading=\"lazy\" decoding=\"async\" class=\"ut-lazy skip-lazy ut-animated-image \"  id=\"ut_am_69ebb36a312c6\" src=\"data:image\/svg+xml;charset=utf-8,%3Csvg xmlns%3D'http%3A%2F%2Fwww.w3.org%2F2000%2Fsvg' viewBox%3D'0 0 1000 1000'%2F%3E\" data-src=\"https:\/\/histemia.com\/association\/wp-content\/uploads\/2025\/08\/Catherine_reinhard_HD-1.png\" width=\"1000\" height=\"1000\" alt=\"\"\/><\/div><\/a><\/div><\/div><\/div>[\/vc_column][vc_column width=\u00a0\u00bb1\/2&Prime;][vc_column_text css_animation=\u00a0\u00bbslideInRight\u00a0\u00bb]<\/p>\n<h2><span style=\"color: #ffffff;\">Catherine REINHARD<\/span><\/h2>\n<h3>Co-fondatrice et Directrice associ\u00e9e<\/h3>\n<p><span style=\"color: #ffffff;\">Psychologue clinicienne, th\u00e9rapeute familiale, membre de la SFTF et de l\u2019EFTA, form\u00e9e \u00e0 l\u2019\u00c9cole Romaine et membre du r\u00e9seau Francophone de l\u2019Accademia, Th\u00e9rapeute en centre public de th\u00e9rapie familiale. Form\u00e9e aux th\u00e9rapies du psychotrauma. Formatrice, superviseure et charg\u00e9e de cours aux universit\u00e9s Paris VIII et Paris X \u2013 Nanterre.<\/span>[\/vc_column_text][\/vc_column][vc_column width=\u00a0\u00bb1\/4&Prime;][\/vc_column][\/vc_row][\/vc_section][vc_section css=\u00a0\u00bb.vc_custom_1755440057898{background-color: #db0606 !important;}\u00a0\u00bb][vc_row css=\u00a0\u00bb.vc_custom_1755440767849{padding-top: 40px !important;padding-bottom: 40px !important;background-color: #ffffff !important;}\u00a0\u00bb][vc_column width=\u00a0\u00bb1\/4&Prime; css=\u00a0\u00bb.vc_custom_1755179879292{margin-bottom: 0px !important;padding-bottom: 0px !important;}\u00a0\u00bb]<div  class=\"wpb_content_element   clearfix\"><style type=\"text\/css\">#ut_am_69ebb36a31681 { opacity: 1; }#ut_am_wrap_69ebb36a31682 .ut-image-gallery-item-caption-title h3 { letter-spacing: -0.01em; }#ut_am_wrap_69ebb36a31682 .ut-gallery-slider-caption { font-weight: bold; }#ut_am_wrap_69ebb36a31682 { text-align: left; }@media (min-width: 768px) and (max-width: 1024px) { #ut_am_wrap_69ebb36a31682 { text-align: left !important; } }@media (max-width: 767px) { #ut_am_wrap_69ebb36a31682 { text-align: center !important; } }<\/style><div id=\"ut_am_wrap_69ebb36a31682\" class=\"ut-image-gallery-image \"><div id=\"ut_reveal_69ebb36a31683\"  data-appear-top-offset=\"auto\" class=\"ut-animated-image-item ut-image-gallery-item ut-animation-done \"><a class=\"ut-deactivated-link\" href=\"#\"><div class=\"ut-animated-image-zoom\"><img loading=\"lazy\" decoding=\"async\" class=\"ut-lazy skip-lazy ut-animated-image \"  id=\"ut_am_69ebb36a31681\" src=\"data:image\/svg+xml;charset=utf-8,%3Csvg xmlns%3D'http%3A%2F%2Fwww.w3.org%2F2000%2Fsvg' viewBox%3D'0 0 1000 1000'%2F%3E\" data-src=\"https:\/\/histemia.com\/association\/wp-content\/uploads\/2025\/08\/christophe_HD.png\" width=\"1000\" height=\"1000\" alt=\"\"\/><\/div><\/a><\/div><\/div><\/div>[\/vc_column][vc_column width=\u00a0\u00bb1\/2&Prime;][vc_column_text css_animation=\u00a0\u00bbslideInRight\u00a0\u00bb]<\/p>\n<h2>Christophe Passard<\/h2>\n<h3>Formateur<\/h3>\n<p>Psychiatre, th\u00e9rapeute familial, membre de la SFTF, form\u00e9 \u00e0 l\u2019\u00c9cole Romaine. Responsable d\u2019une unit\u00e9 de th\u00e9rapie familiale en service public, form\u00e9 \u00e0 l\u2019hypnose et aux th\u00e9rapies du psychotrauma, formateur et superviseur.[\/vc_column_text][\/vc_column][vc_column width=\u00a0\u00bb1\/4&Prime;][\/vc_column][\/vc_row][\/vc_section][vc_section css=\u00a0\u00bb.vc_custom_1755440072175{background-color: #db0606 !important;}\u00a0\u00bb][vc_row css=\u00a0\u00bb.vc_custom_1755440779623{padding-top: 40px !important;padding-bottom: 40px !important;background-color: #0b528a !important;}\u00a0\u00bb][vc_column width=\u00a0\u00bb1\/4&Prime; css=\u00a0\u00bb.vc_custom_1755179879292{margin-bottom: 0px !important;padding-bottom: 0px !important;}\u00a0\u00bb]<div  class=\"wpb_content_element   clearfix\"><style type=\"text\/css\">#ut_am_69ebb36a31a1b { opacity: 1; }#ut_am_wrap_69ebb36a31a1c .ut-image-gallery-item-caption-title h3 { letter-spacing: -0.01em; }#ut_am_wrap_69ebb36a31a1c .ut-gallery-slider-caption { font-weight: bold; }#ut_am_wrap_69ebb36a31a1c { text-align: left; }@media (min-width: 768px) and (max-width: 1024px) { #ut_am_wrap_69ebb36a31a1c { text-align: left !important; } }@media (max-width: 767px) { #ut_am_wrap_69ebb36a31a1c { text-align: center !important; } }<\/style><div id=\"ut_am_wrap_69ebb36a31a1c\" class=\"ut-image-gallery-image \"><div id=\"ut_reveal_69ebb36a31a1d\"  data-appear-top-offset=\"auto\" class=\"ut-animated-image-item ut-image-gallery-item ut-animation-done \"><a class=\"ut-deactivated-link\" href=\"#\"><div class=\"ut-animated-image-zoom\"><img loading=\"lazy\" decoding=\"async\" class=\"ut-lazy skip-lazy ut-animated-image \"  id=\"ut_am_69ebb36a31a1b\" src=\"data:image\/svg+xml;charset=utf-8,%3Csvg xmlns%3D'http%3A%2F%2Fwww.w3.org%2F2000%2Fsvg' viewBox%3D'0 0 1000 1000'%2F%3E\" data-src=\"https:\/\/histemia.com\/association\/wp-content\/uploads\/2025\/08\/Jeanne_Colonna_HD-2.png\" width=\"1000\" height=\"1000\" alt=\"\"\/><\/div><\/a><\/div><\/div><\/div>[\/vc_column][vc_column width=\u00a0\u00bb1\/2&Prime;][vc_column_text css_animation=\u00a0\u00bbslideInRight\u00a0\u00bb]<\/p>\n<h2><span style=\"color: #ffffff;\">Jeanne Colonna<\/span><\/h2>\n<h3>Formatrice<\/h3>\n<p><span style=\"color: #ffffff;\">Psychologue clinicienne, th\u00e9rapeute familiale, membre de la SFTF, Th\u00e9rapeute en CMP adulte, form\u00e9e aux th\u00e9rapies du psychotrauma, formatrice et superviseure.<\/span>[\/vc_column_text][\/vc_column][vc_column width=\u00a0\u00bb1\/4&Prime;][\/vc_column][\/vc_row][\/vc_section][vc_section css=\u00a0\u00bb.vc_custom_1755440057898{background-color: #db0606 !important;}\u00a0\u00bb][vc_row css=\u00a0\u00bb.vc_custom_1755440767849{padding-top: 40px !important;padding-bottom: 40px !important;background-color: #ffffff !important;}\u00a0\u00bb][vc_column width=\u00a0\u00bb1\/4&Prime; css=\u00a0\u00bb.vc_custom_1755179879292{margin-bottom: 0px !important;padding-bottom: 0px !important;}\u00a0\u00bb]<div  class=\"wpb_content_element   clearfix\"><style type=\"text\/css\">#ut_am_69ebb36a31e35 { opacity: 1; }#ut_am_wrap_69ebb36a31e36 .ut-image-gallery-item-caption-title h3 { letter-spacing: -0.01em; }#ut_am_wrap_69ebb36a31e36 .ut-gallery-slider-caption { font-weight: bold; }#ut_am_wrap_69ebb36a31e36 { text-align: left; }@media (min-width: 768px) and (max-width: 1024px) { #ut_am_wrap_69ebb36a31e36 { text-align: left !important; } }@media (max-width: 767px) { #ut_am_wrap_69ebb36a31e36 { text-align: center !important; } }<\/style><div id=\"ut_am_wrap_69ebb36a31e36\" class=\"ut-image-gallery-image \"><div id=\"ut_reveal_69ebb36a31e37\"  data-appear-top-offset=\"auto\" class=\"ut-animated-image-item ut-image-gallery-item ut-animation-done \"><a class=\"ut-deactivated-link\" href=\"#\"><div class=\"ut-animated-image-zoom\"><img loading=\"lazy\" decoding=\"async\" class=\"ut-lazy skip-lazy ut-animated-image \"  id=\"ut_am_69ebb36a31e35\" src=\"data:image\/svg+xml;charset=utf-8,%3Csvg xmlns%3D'http%3A%2F%2Fwww.w3.org%2F2000%2Fsvg' viewBox%3D'0 0 1000 1000'%2F%3E\" data-src=\"https:\/\/histemia.com\/association\/wp-content\/uploads\/2025\/08\/Jerome-_de_BUCQUOIS-2.png\" width=\"1000\" height=\"1000\" alt=\"\"\/><\/div><\/a><\/div><\/div><\/div>[\/vc_column][vc_column width=\u00a0\u00bb1\/2&Prime;][vc_column_text css_animation=\u00a0\u00bbslideInRight\u00a0\u00bb]<\/p>\n<h2>J\u00e9r\u00f4me de Bucquois<\/h2>\n<h3>Formateur<\/h3>\n<p>Psychologue clinicien, th\u00e9rapeute familial, membre de la ABIPFS (Belgique) et de l\u2019EFTA, form\u00e9 \u00e0 I.E.F.S.H de Bruxelles et \u00e0 l\u2019\u00c9cole Romaine et membre du r\u00e9seau Francophone de l\u2019Accademia.<\/p>\n<p>Attach\u00e9 \u00e0 diff\u00e9rentes \u00e9quipes m\u00e9dico-sociales en Belgique et en France.<\/p>\n<p>Form\u00e9 aux approches constructiviste et contextuelle, formateur et superviseur.[\/vc_column_text][\/vc_column][vc_column width=\u00a0\u00bb1\/4&Prime;][\/vc_column][\/vc_row][\/vc_section]<\/p>\n<\/div>","protected":false},"excerpt":{"rendered":"<p>[vc_section css=\u00a0\u00bb.vc_custom_1755440486583{margin-top: 0px !important;margin-bottom: 0px !important;padding-top: 0px !important;padding-bottom: 0px !important;}\u00a0\u00bb][vc_row css=\u00a0\u00bb.vc_custom_1755440805540{padding-top: 40px !important;padding-bottom: 40px !important;background-color: #1da7ac !important;}\u00a0\u00bb][vc_column][vc_column_text css=\u00a0\u00bb.vc_custom_1755440147201{margin-top: 0px !important;margin-bottom: 0px !important;}\u00a0\u00bb] L&rsquo;\u00e9quipe [\/vc_column_text][\/vc_column][\/vc_row][\/vc_section][vc_section css=\u00a0\u00bb.vc_custom_1755440057898{background-color: #db0606 !important;}\u00a0\u00bb][vc_row css=\u00a0\u00bb.vc_custom_1755440767849{padding-top: 40px !important;padding-bottom: 40px !important;background-color: #ffffff !important;}\u00a0\u00bb][vc_column width=\u00a0\u00bb1\/4&Prime; css=\u00a0\u00bb.vc_custom_1755179879292{margin-bottom: 0px !important;padding-bottom: 0px !important;}\u00a0\u00bb][\/vc_column][vc_column width=\u00a0\u00bb1\/2&Prime;][vc_column_text css_animation=\u00a0\u00bbslideInRight\u00a0\u00bb] Jean Cassanas Co-fondateur et Directeur associ\u00e9 Psychologue clinicien, Docteur en psychologie, th\u00e9rapeute familial [&hellip;]<\/p>\n","protected":false},"author":1,"featured_media":0,"parent":0,"menu_order":0,"comment_status":"closed","ping_status":"closed","template":"","meta":{"_vp_format_video_url":"","_vp_image_focal_point":[],"footnotes":""},"class_list":["post-10","page","type-page","status-publish","hentry"],"aioseo_notices":[],"_links":{"self":[{"href":"https:\/\/histemia.com\/association\/wp-json\/wp\/v2\/pages\/10","targetHints":{"allow":["GET"]}}],"collection":[{"href":"https:\/\/histemia.com\/association\/wp-json\/wp\/v2\/pages"}],"about":[{"href":"https:\/\/histemia.com\/association\/wp-json\/wp\/v2\/types\/page"}],"author":[{"embeddable":true,"href":"https:\/\/histemia.com\/association\/wp-json\/wp\/v2\/users\/1"}],"replies":[{"embeddable":true,"href":"https:\/\/histemia.com\/association\/wp-json\/wp\/v2\/comments?post=10"}],"version-history":[{"count":41,"href":"https:\/\/histemia.com\/association\/wp-json\/wp\/v2\/pages\/10\/revisions"}],"predecessor-version":[{"id":8317,"href":"https:\/\/histemia.com\/association\/wp-json\/wp\/v2\/pages\/10\/revisions\/8317"}],"wp:attachment":[{"href":"https:\/\/histemia.com\/association\/wp-json\/wp\/v2\/media?parent=10"}],"curies":[{"name":"wp","href":"https:\/\/api.w.org\/{rel}","templated":true}]}}