{"id":14,"date":"2025-07-16T15:14:35","date_gmt":"2025-07-16T13:14:35","guid":{"rendered":"https:\/\/histemia.com\/association\/?page_id=14"},"modified":"2025-09-25T16:24:48","modified_gmt":"2025-09-25T14:24:48","slug":"supervisions","status":"publish","type":"page","link":"https:\/\/histemia.com\/association\/supervisions\/","title":{"rendered":"Supervisions"},"content":{"rendered":"<div class=\"wpb-content-wrapper\"><p>[vc_section][vc_row][vc_column][vc_column_text]<\/p>\n<h1>Supervisions<\/h1>\n<p>[\/vc_column_text][\/vc_column][\/vc_row][vc_row][vc_column width=\u00a0\u00bb1\/2&Prime;][vc_column_text]<\/p>\n<div class=\"textwidget\">\n<p>HISTEMIA propose un espace qui permet de r\u00e9fl\u00e9chir sur la pratique de chacun et d\u2019apporter des solutions concr\u00e8tes aux probl\u00e8mes rencontr\u00e9s, permettant ainsi de d\u00e9velopper les comp\u00e9tences des participants pour adapter leurs interventions.<\/p>\n<p>C\u2019est un lieu de partage, d\u2019\u00e9change et d\u2019\u00e9coute r\u00e9ciproque.<\/p>\n<\/div>\n<p>[\/vc_column_text][\/vc_column][vc_column width=\u00a0\u00bb1\/2&Prime;][vc_column_text]Il s\u2019agit de favoriser l\u2019\u00e9limination des tensions, sortir des conflits bas\u00e9s sur des rapports de force, prendre de la distance face \u00e0 des situations difficiles et favoriser l\u2019expression pour accueillir des paroles issues des v\u00e9cus unique de chacun.<\/p>\n<p>Par l\u2019\u00e9coute, l\u2019\u00e9change et le partage, les participants ne se sentent plus seuls face \u00e0 une relation souvent d\u00e9licate.[\/vc_column_text][\/vc_column][\/vc_row][\/vc_section][vc_section][vc_row][vc_column][vc_column_text]<\/p>\n<h2>Trois types de supervisions :<\/h2>\n<p>[\/vc_column_text][\/vc_column][\/vc_row][vc_row][vc_column][vc_column_text]<\/p>\n<div class=\"textwidget\">\n<ul>\n<li>Des supervisions individuelles pour les professionnels de la relation d\u2019aide.<\/li>\n<li>Des supervisions de groupe ou analyse de la pratique professionnelle, en interne pour toutes sortes d\u2019organismes, comme des CMP, des h\u00f4pitaux, des centres sociaux, des associations de relation d\u2019aide, des entreprises, etc\u2026<\/li>\n<li>Des supervisions ponctuelles d\u2019un service rencontrant une situation particuli\u00e8rement complexe qui met \u00e0 mal le fonctionnement du groupe d\u2019intervenants. Notre intervention vise \u00e0 r\u00e9introduire de la fluidit\u00e9 dans les fonctionnements d\u2019un service ou d\u2019une unit\u00e9 de travail.<\/li>\n<\/ul>\n<p>Le r\u00e9f\u00e9rentiel des intervenants d\u2019HISTEMIA est l\u2019approche syst\u00e9mique orient\u00e9e vers les solutions et les ressources des personnes, selon le mod\u00e8le relationnel\/exp\u00e9rientiel propre \u00e0 l\u2019Ecole Romaine.<\/p>\n<p>Nous consulter pour les tarifs, qui varient selon la demande, le groupe, le rythme et le lieu.<\/p>\n<\/div>\n<p>[\/vc_column_text][\/vc_column][\/vc_row][\/vc_section]<\/p>\n<\/div>","protected":false},"excerpt":{"rendered":"<p>[vc_section][vc_row][vc_column][vc_column_text] Supervisions [\/vc_column_text][\/vc_column][\/vc_row][vc_row][vc_column width=\u00a0\u00bb1\/2&Prime;][vc_column_text] HISTEMIA propose un espace qui permet de r\u00e9fl\u00e9chir sur la pratique de chacun et d\u2019apporter des solutions concr\u00e8tes aux probl\u00e8mes rencontr\u00e9s, permettant ainsi de d\u00e9velopper les comp\u00e9tences des participants pour adapter leurs interventions. C\u2019est un lieu de partage, d\u2019\u00e9change et d\u2019\u00e9coute r\u00e9ciproque. [\/vc_column_text][\/vc_column][vc_column width=\u00a0\u00bb1\/2&Prime;][vc_column_text]Il s\u2019agit de favoriser l\u2019\u00e9limination des tensions, sortir [&hellip;]<\/p>\n","protected":false},"author":1,"featured_media":0,"parent":0,"menu_order":0,"comment_status":"closed","ping_status":"closed","template":"","meta":{"_vp_format_video_url":"","_vp_image_focal_point":[],"footnotes":""},"class_list":["post-14","page","type-page","status-publish","hentry"],"aioseo_notices":[],"_links":{"self":[{"href":"https:\/\/histemia.com\/association\/wp-json\/wp\/v2\/pages\/14","targetHints":{"allow":["GET"]}}],"collection":[{"href":"https:\/\/histemia.com\/association\/wp-json\/wp\/v2\/pages"}],"about":[{"href":"https:\/\/histemia.com\/association\/wp-json\/wp\/v2\/types\/page"}],"author":[{"embeddable":true,"href":"https:\/\/histemia.com\/association\/wp-json\/wp\/v2\/users\/1"}],"replies":[{"embeddable":true,"href":"https:\/\/histemia.com\/association\/wp-json\/wp\/v2\/comments?post=14"}],"version-history":[{"count":7,"href":"https:\/\/histemia.com\/association\/wp-json\/wp\/v2\/pages\/14\/revisions"}],"predecessor-version":[{"id":8328,"href":"https:\/\/histemia.com\/association\/wp-json\/wp\/v2\/pages\/14\/revisions\/8328"}],"wp:attachment":[{"href":"https:\/\/histemia.com\/association\/wp-json\/wp\/v2\/media?parent=14"}],"curies":[{"name":"wp","href":"https:\/\/api.w.org\/{rel}","templated":true}]}}