{"id":8173,"date":"2025-08-16T14:40:23","date_gmt":"2025-08-16T12:40:23","guid":{"rendered":"https:\/\/histemia.com\/association\/?page_id=8173"},"modified":"2025-11-02T20:22:46","modified_gmt":"2025-11-02T19:22:46","slug":"sensibilisation-a-lapproche-systemique","status":"publish","type":"page","link":"https:\/\/histemia.com\/association\/sensibilisation-a-lapproche-systemique\/","title":{"rendered":"Sensibilisation \u00e0 l\u2019approche systemique"},"content":{"rendered":"<div class=\"wpb-content-wrapper\"><p>[vc_section css=\u00a0\u00bb.vc_custom_1756995464660{margin-top: 10px !important;margin-bottom: 10px !important;padding-top: 20px !important;padding-bottom: 10px !important;background-color: #0b528a !important;}\u00a0\u00bb][vc_row][vc_column][vc_column_text]<\/p>\n<h1><span style=\"color: #ffffff;\">Sensibilisation \u00e0 l\u2019approche systemique et \u00e0 la th\u00e9rapie familiale<\/span><\/h1>\n<p>[\/vc_column_text][\/vc_column][\/vc_row][\/vc_section][vc_section][vc_row][vc_column width=\u00a0\u00bb2\/3&Prime;][vc_column_text]Notre formation sur la Sensibilisation \u00e0 l\u2019approche systemique consiste \u00e0 acqu\u00e9rir des connaissances g\u00e9n\u00e9rales sur l\u2019approche syst\u00e9mique dans le travail avec les individus ou les familles, et s\u2019articule en trois niveaux :<\/p>\n<ul>\n<li aria-level=\"1\"><b>Un changement de\u00a0positionnement\u00a0<\/b>: d\u00e9velopper des comp\u00e9tences en repensant l\u2019intervention \u00e0 partir du \u00ab<i> comment<\/i> \u00bb, au-del\u00e0 du \u00ab<i> quoi<\/i> \u00bb afin d\u2019appr\u00e9hender l\u2019usager dans sa globalit\u00e9 et ses diff\u00e9rences pour d\u00e9velopper son autonomie.<\/li>\n<li aria-level=\"1\"><b>Un changement dans la communication\u00a0et l\u2019intervention<\/b> : faciliter l\u2019introspection de ses processus dans la relation avec l\u2019usager, l\u2019\u00e9quipe et la hi\u00e9rarchie.<\/li>\n<li aria-level=\"1\"><b>Une dynamique de\u00a0projet global\u00a0<\/b>: favoriser une dynamique pour se projeter dans un syst\u00e8me aux fronti\u00e8res plus \u00e9largies.<\/li>\n<\/ul>\n<p>[\/vc_column_text][\/vc_column][vc_column width=\u00a0\u00bb1\/3&Prime;][\/vc_column][\/vc_row][\/vc_section][vc_section][vc_row][vc_column width=\u00a0\u00bb1\/2&Prime;][vc_column_text]<\/p>\n<h3>Objectifs :<\/h3>\n<ul>\n<li aria-level=\"1\">Savoir analyser une situation professionnelle selon une optique syst\u00e9mique.<\/li>\n<li aria-level=\"1\">Int\u00e9grer les principes th\u00e9oriques des entretiens syst\u00e9miques<\/li>\n<li aria-level=\"1\">Conna\u00eetre et pouvoir utiliser quelques outils d\u2019intervention syst\u00e9mique<\/li>\n<\/ul>\n<p>[\/vc_column_text][\/vc_column][vc_column width=\u00a0\u00bb1\/2&Prime;][vc_column_text]<\/p>\n<h3>Public concern\u00e9\u00a0:<\/h3>\n<p>M\u00e9decins, Psychiatres, Psychologues, \u00c9ducateurs, Travailleurs sociaux, Conseillers conjugaux et familiaux, M\u00e9diateurs familiaux, Personnels infirmiers, Responsables de services m\u00e9dico-\u00e9ducatifs.[\/vc_column_text][\/vc_column][\/vc_row][vc_row][vc_column width=\u00a0\u00bb1\/2&Prime;][vc_column_text]<\/p>\n<h3>Pr\u00e9requis :<\/h3>\n<p>Aucun pr\u00e9-requis n\u00e9cessaire pour entrer en formation.[\/vc_column_text][\/vc_column][vc_column width=\u00a0\u00bb1\/2&Prime;][vc_column_text]<\/p>\n<h3>Dur\u00e9e :<\/h3>\n<p>4 jours cons\u00e9cutifs (28h).[\/vc_column_text][\/vc_column][\/vc_row][vc_row][vc_column width=\u00a0\u00bb1\/2&Prime;][vc_column_text]<\/p>\n<h3>Demande et conditions d\u2019inscription :<\/h3>\n<p>Histemia r\u00e9serve cette formation aux demandes intra-\u00e9tablissement, en pr\u00e9sentiel. Les demandes de la part d\u2019\u00e9tablissements permettent la conceptions adapt\u00e9e \u00a0de formules sur site. Des propositions personnalis\u00e9es vous permettront de mettre en place la formation la plus adapt\u00e9e et de l\u2019organiser en fonction des besoins de vos \u00e9quipes et des projets de votre institution.<\/p>\n<p>Nos formations peuvent \u00eatre adapt\u00e9es aux personnes n\u00e9cessitant un am\u00e9nagement sp\u00e9cifique sous r\u00e9serve de contacter auparavant notre r\u00e9f\u00e9rent handicap afin de s\u00e9curiser leurs parcours. Nous mettons \u00e0 votre disposition notre charte handicap sur demande.<\/p>\n<p>R\u00e9f\u00e9rent handicap : Jean CASSANAS <a href=\"mailto:histemia@histemia.com\">histemia@gmail.com<\/a> &#8211; 09 50 70 96 90[\/vc_column_text][\/vc_column][vc_column width=\u00a0\u00bb1\/2&Prime;][vc_column_text]<\/p>\n<h3>D\u00e9lais d\u2019acc\u00e8s :<\/h3>\n<p>deux mois<\/p>\n<h3>Formateurs\u00a0:<\/h3>\n<p>2 formateurs de l\u2019\u00e9quipe d\u2019Histemia[\/vc_column_text][\/vc_column][\/vc_row][\/vc_section][vc_section css=\u00a0\u00bb.vc_custom_1756995487174{margin-top: 10px !important;margin-bottom: 10px !important;padding-top: 20px !important;padding-bottom: 10px !important;background-color: #1da7ab !important;}\u00a0\u00bb][vc_row][vc_column][vc_column_text]<\/p>\n<h1><span style=\"color: #ffffff;\">Programme de formation 2025\/2026<\/span><\/h1>\n<p>[\/vc_column_text][\/vc_column][\/vc_row][\/vc_section][vc_section][vc_row][vc_column][vc_column_text]<\/p>\n<h3>Programme :<\/h3>\n<ul>\n<li aria-level=\"1\">Les bases th\u00e9oriques et clinique de l&rsquo;approche familiale syst\u00e9mique.<\/li>\n<li aria-level=\"1\">Les concepts de base et la lecture syst\u00e9mique des probl\u00e9matiques relationnelles, (familiales, institutionnelles et de r\u00e9seau)\u00a0: la notion de complexit\u00e9, les lois de la cybern\u00e9tique, notions de feed-back et d\u2019hom\u00e9ostasie des syst\u00e8mes, le changement de paradigme et la circularit\u00e9.<\/li>\n<li aria-level=\"1\">Les diff\u00e9rentes modalit\u00e9s d\u2019intervention syst\u00e9mique et les outils sp\u00e9cifiques en entretien individuel, de couple ou de famille<\/li>\n<\/ul>\n<p>[\/vc_column_text][\/vc_column][\/vc_row][vc_row][vc_column width=\u00a0\u00bb1\/2&Prime;][vc_column_text]<\/p>\n<h3>M\u00e9thodes p\u00e9dagogiques\u00a0:<\/h3>\n<p>Apports th\u00e9oriques, \u00e9tude de documents vid\u00e9o, de s\u00e9ances film\u00e9es et de filmographie, exp\u00e9rimentations des outils syst\u00e9miques et mises en situation, jeux de r\u00f4les, travaux en groupe.[\/vc_column_text][\/vc_column][vc_column width=\u00a0\u00bb1\/2&Prime;][vc_column_text]<\/p>\n<h3>\u00c9valuation\u00a0des acquis\u00a0:<\/h3>\n<p>En groupe et avec un questionnaire individuel en fin de formation.[\/vc_column_text][\/vc_column][\/vc_row][\/vc_section]<\/p>\n<\/div>","protected":false},"excerpt":{"rendered":"<p>[vc_section css=\u00a0\u00bb.vc_custom_1756995464660{margin-top: 10px !important;margin-bottom: 10px !important;padding-top: 20px !important;padding-bottom: 10px !important;background-color: #0b528a !important;}\u00a0\u00bb][vc_row][vc_column][vc_column_text] Sensibilisation \u00e0 l\u2019approche systemique et \u00e0 la th\u00e9rapie familiale [\/vc_column_text][\/vc_column][\/vc_row][\/vc_section][vc_section][vc_row][vc_column width=\u00a0\u00bb2\/3&Prime;][vc_column_text]Notre formation sur la Sensibilisation \u00e0 l\u2019approche systemique consiste \u00e0 acqu\u00e9rir des connaissances g\u00e9n\u00e9rales sur l\u2019approche syst\u00e9mique dans le travail avec les individus ou les familles, et s\u2019articule en trois niveaux : Un [&hellip;]<\/p>\n","protected":false},"author":1,"featured_media":0,"parent":0,"menu_order":0,"comment_status":"closed","ping_status":"closed","template":"","meta":{"_vp_format_video_url":"","_vp_image_focal_point":[],"footnotes":""},"class_list":["post-8173","page","type-page","status-publish","hentry"],"aioseo_notices":[],"_links":{"self":[{"href":"https:\/\/histemia.com\/association\/wp-json\/wp\/v2\/pages\/8173","targetHints":{"allow":["GET"]}}],"collection":[{"href":"https:\/\/histemia.com\/association\/wp-json\/wp\/v2\/pages"}],"about":[{"href":"https:\/\/histemia.com\/association\/wp-json\/wp\/v2\/types\/page"}],"author":[{"embeddable":true,"href":"https:\/\/histemia.com\/association\/wp-json\/wp\/v2\/users\/1"}],"replies":[{"embeddable":true,"href":"https:\/\/histemia.com\/association\/wp-json\/wp\/v2\/comments?post=8173"}],"version-history":[{"count":14,"href":"https:\/\/histemia.com\/association\/wp-json\/wp\/v2\/pages\/8173\/revisions"}],"predecessor-version":[{"id":8377,"href":"https:\/\/histemia.com\/association\/wp-json\/wp\/v2\/pages\/8173\/revisions\/8377"}],"wp:attachment":[{"href":"https:\/\/histemia.com\/association\/wp-json\/wp\/v2\/media?parent=8173"}],"curies":[{"name":"wp","href":"https:\/\/api.w.org\/{rel}","templated":true}]}}