{"id":8198,"date":"2025-08-17T15:39:21","date_gmt":"2025-08-17T13:39:21","guid":{"rendered":"https:\/\/histemia.com\/association\/?page_id=8198"},"modified":"2025-10-08T16:47:57","modified_gmt":"2025-10-08T14:47:57","slug":"therapie-du-couple-et-de-la-famille","status":"publish","type":"page","link":"https:\/\/histemia.com\/association\/therapie-du-couple-et-de-la-famille\/","title":{"rendered":"Th\u00e9rapie du couple et de la famille"},"content":{"rendered":"<div class=\"wpb-content-wrapper\"><p>[vc_section][vc_row][vc_column width=\u00a0\u00bb1\/2&Prime;]<div data-effect=\"slideInLeft\" data-animateonce=\"yes\" data-delay=\"0\" class=\"wpb_content_element ut-animate-image animated  clearfix\"><style type=\"text\/css\">#ut_am_69f446f136a1a { opacity: 1; }#ut_am_wrap_69f446f136a1b .ut-image-gallery-item-caption-title h3 { letter-spacing: -0.01em; }#ut_am_wrap_69f446f136a1b .ut-gallery-slider-caption { font-weight: bold; }#ut_am_wrap_69f446f136a1b { text-align: left; }@media (min-width: 768px) and (max-width: 1024px) { #ut_am_wrap_69f446f136a1b { text-align: left !important; } }@media (max-width: 767px) { #ut_am_wrap_69f446f136a1b { text-align: center !important; } }<\/style><div id=\"ut_am_wrap_69f446f136a1b\" class=\"ut-image-gallery-image \"><div id=\"ut_reveal_69f446f136a1c\"  data-appear-top-offset=\"auto\" class=\"ut-animated-image-item ut-image-gallery-item ut-animation-done \"><a class=\"ut-deactivated-link\" href=\"#\"><div class=\"ut-animated-image-zoom\"><img loading=\"lazy\" decoding=\"async\" class=\"ut-lazy skip-lazy ut-animated-image \"  id=\"ut_am_69f446f136a1a\" src=\"data:image\/svg+xml;charset=utf-8,%3Csvg xmlns%3D'http%3A%2F%2Fwww.w3.org%2F2000%2Fsvg' viewBox%3D'0 0 2688 1536'%2F%3E\" data-src=\"https:\/\/histemia.com\/association\/wp-content\/uploads\/2025\/09\/Couple_et_Famille-copie.png\" width=\"2688\" height=\"1536\" alt=\"\"\/><\/div><\/a><\/div><\/div><\/div>[\/vc_column][vc_column width=\u00a0\u00bb1\/2&Prime;][vc_column_text css_animation=\u00a0\u00bbslideInRight\u00a0\u00bb]<\/p>\n<h2>Consultation pour la Th\u00e9rapie du couple et de la famille<\/h2>\n<p>Des th\u00e9rapeutes familiaux form\u00e9s \u00e0 l\u2019\u00e9cole de Rome (Scuola Romana di Psicoterapia Familiare) re\u00e7oivent, sur Paris, les couples et les familles. Ils peuvent, en fonction du contexte, ouvrir aussi un espace de m\u00e9diation familiale ou un soutien \u00e0 la parentalit\u00e9.<\/p>\n<p><strong>L&rsquo;approche syst\u00e9mique de la Th\u00e9rapie du couple et de la famille consid\u00e8re que le comportement d\u2019une personne, particuli\u00e8rement dans ses aspects de souffrance et de difficult\u00e9s, prend sens en relation avec son syst\u00e8me d\u2019appartenance et le contexte dans lequel il \u00e9volue.<\/strong>[\/vc_column_text][\/vc_column][\/vc_row][vc_row][vc_column][vc_column_text css_animation=\u00a0\u00bbslideInUp\u00a0\u00bb]HISTEMIA se r\u00e9f\u00e8re \u00e0 un mod\u00e8le th\u00e9rapeutique visant \u00e0 encourager le d\u00e9veloppement de l&rsquo;individu dans ses diverses expressions relationnelles avec le couple, la famille nucl\u00e9aire et \u00e9largie, et les diff\u00e9rents syst\u00e8mes d\u2019appartenance. <strong>La th\u00e9rapie familiale ou de couple est indiqu\u00e9e pour diff\u00e9rentes probl\u00e9matiques concernant la vie de famille, comme :<\/strong><\/p>\n<ul>\n<li>Troubles du comportement de l&rsquo;enfance, difficult\u00e9s scolaires, troubles psychosomatiques, les phobies, l&rsquo;\u00e9nur\u00e9sie, le handicap.<\/li>\n<li>Troubles de l&rsquo;adolescence : troubles de l&rsquo;alimentation, la toxicomanie, la d\u00e9pression, la violence, la psychose.<\/li>\n<li>Relations familiales conflictuelles, crise de couple, probl\u00e8mes d\u2019infertilit\u00e9, s\u00e9parations parentales douloureuses, recompositions familiales, adoption.<\/li>\n<\/ul>\n<p>Dans le cadre de divorces juridiquement conflictuels, HISTEMIA r\u00e9alise un travail de m\u00e9diation familiale syst\u00e9mique sur requ\u00eate des couples eux-m\u00eames ou d\u2019avocats et tribunaux.[\/vc_column_text][\/vc_column][\/vc_row][vc_row][vc_column][vc_column_text css_animation=\u00a0\u00bbslideInUp\u00a0\u00bb]<\/p>\n<h3 class=\"Paragraphe\"><strong>Lieux d\u2019accueil : <\/strong><\/h3>\n<p class=\"Paragraphe\">Paris St-Lazare<\/p>\n<p>[\/vc_column_text][\/vc_column][\/vc_row][\/vc_section][vc_section css=\u00a0\u00bb.vc_custom_1755699907217{margin-top: 0px !important;margin-right: 0px !important;margin-bottom: 0px !important;margin-left: 0px !important;border-top-width: 0px !important;padding-top: 0px !important;padding-right: 0px !important;padding-bottom: 0px !important;padding-left: 0px !important;}\u00a0\u00bb][vc_row css=\u00a0\u00bb.vc_custom_1755699969380{margin-top: 0px !important;margin-right: 0px !important;margin-bottom: 0px !important;margin-left: 0px !important;padding-right: 0px !important;padding-bottom: 0px !important;padding-left: 0px !important;}\u00a0\u00bb][vc_column css=\u00a0\u00bb.vc_custom_1755700089668{margin-top: 0px !important;margin-right: 0px !important;margin-bottom: 0px !important;margin-left: 0px !important;padding-right: 0px !important;padding-bottom: 0px !important;padding-left: 0px !important;}\u00a0\u00bb][vc_gmaps link=\u00a0\u00bb#E-8_JTNDaWZyYW1lJTIwc3JjJTNEJTIyaHR0cHMlM0ElMkYlMkZ3d3cuZ29vZ2xlLmNvbSUyRm1hcHMlMkZlbWJlZCUzRnBiJTNEJTIxMW0xOCUyMTFtMTIlMjExbTMlMjExZDUyODQuMTM2MzU5NzY0ODgxJTIxMmQyLjMxNzE2ODUwNDY4MTExMDQlMjEzZDQ4Ljg4MDc0NTEzMjQ1NDczNCUyMTJtMyUyMTFmMCUyMTJmMCUyMTNmMCUyMTNtMiUyMTFpMTAyNCUyMTJpNzY4JTIxNGYxMy4xJTIxM20zJTIxMW0yJTIxMXMweDQ3ZTY2ZTRiNWE2ZTEyZjElMjUzQTB4ZDUxY2E0ZDM0OTJmYzI3MCUyMTJzMjIlMjUyMFJ1ZSUyNTIwZGUlMjUyMFR1cmluJTI1MkMlMjUyMDc1MDA4JTI1MjBQYXJpcyUyMTVlMCUyMTNtMiUyMTFzZnIlMjEyc2ZyJTIxNHYxNzU5OTM0ODEwNjg3JTIxNW0yJTIxMXNmciUyMTJzZnIlMjIlMjB3aWR0aCUzRCUyMjIwMzMlMjIlMjBoZWlnaHQlM0QlMjI1MDAlMjIlMjBzdHlsZSUzRCUyMmJvcmRlciUzQTAlM0IlMjIlMjBhbGxvd2Z1bGxzY3JlZW4lM0QlMjIlMjIlMjBsb2FkaW5nJTNEJTIybGF6eSUyMiUyMHJlZmVycmVycG9saWN5JTNEJTIybm8tcmVmZXJyZXItd2hlbi1kb3duZ3JhZGUlMjIlM0UlM0MlMkZpZnJhbWUlM0U=\u00a0\u00bb size=\u00a0\u00bb500px\u00a0\u00bb css=\u00a0\u00bb.vc_custom_1759934864250{margin-top: 0px !important;margin-right: 0px !important;margin-bottom: 0px !important;margin-left: 0px !important;padding-top: 0px !important;padding-right: 0px !important;padding-bottom: 0px !important;padding-left: 0px !important;}\u00a0\u00bb][\/vc_column][\/vc_row][\/vc_section]<\/p>\n<\/div>","protected":false},"excerpt":{"rendered":"<p>[vc_section][vc_row][vc_column width=\u00a0\u00bb1\/2&Prime;][\/vc_column][vc_column width=\u00a0\u00bb1\/2&Prime;][vc_column_text css_animation=\u00a0\u00bbslideInRight\u00a0\u00bb] Consultation pour la Th\u00e9rapie du couple et de la famille Des th\u00e9rapeutes familiaux form\u00e9s \u00e0 l\u2019\u00e9cole de Rome (Scuola Romana di Psicoterapia Familiare) re\u00e7oivent, sur Paris, les couples et les familles. Ils peuvent, en fonction du contexte, ouvrir aussi un espace de m\u00e9diation familiale ou un soutien \u00e0 la parentalit\u00e9. L&rsquo;approche [&hellip;]<\/p>\n","protected":false},"author":1,"featured_media":0,"parent":0,"menu_order":0,"comment_status":"closed","ping_status":"closed","template":"","meta":{"_vp_format_video_url":"","_vp_image_focal_point":[],"footnotes":""},"class_list":["post-8198","page","type-page","status-publish","hentry"],"aioseo_notices":[],"_links":{"self":[{"href":"https:\/\/histemia.com\/association\/wp-json\/wp\/v2\/pages\/8198","targetHints":{"allow":["GET"]}}],"collection":[{"href":"https:\/\/histemia.com\/association\/wp-json\/wp\/v2\/pages"}],"about":[{"href":"https:\/\/histemia.com\/association\/wp-json\/wp\/v2\/types\/page"}],"author":[{"embeddable":true,"href":"https:\/\/histemia.com\/association\/wp-json\/wp\/v2\/users\/1"}],"replies":[{"embeddable":true,"href":"https:\/\/histemia.com\/association\/wp-json\/wp\/v2\/comments?post=8198"}],"version-history":[{"count":16,"href":"https:\/\/histemia.com\/association\/wp-json\/wp\/v2\/pages\/8198\/revisions"}],"predecessor-version":[{"id":8337,"href":"https:\/\/histemia.com\/association\/wp-json\/wp\/v2\/pages\/8198\/revisions\/8337"}],"wp:attachment":[{"href":"https:\/\/histemia.com\/association\/wp-json\/wp\/v2\/media?parent=8198"}],"curies":[{"name":"wp","href":"https:\/\/api.w.org\/{rel}","templated":true}]}}